{"id":663,"date":"2025-06-20T12:51:39","date_gmt":"2025-06-20T12:51:39","guid":{"rendered":"https:\/\/cambara.es\/?page_id=663"},"modified":"2025-07-12T11:32:51","modified_gmt":"2025-07-12T11:32:51","slug":"give-away-a-camera","status":"publish","type":"page","link":"https:\/\/cambara.es\/en\/regala-cambara\/","title":{"rendered":"Give Cambara as a gift"},"content":{"rendered":"<div data-elementor-type=\"wp-page\" data-elementor-id=\"663\" class=\"elementor elementor-663\" data-elementor-post-type=\"page\">\n\t\t\t\t<div class=\"elementor-element elementor-element-5f30d05 e-flex e-con-boxed e-con e-parent\" data-id=\"5f30d05\" data-element_type=\"container\" data-e-type=\"container\" data-settings=\"{&quot;background_background&quot;:&quot;classic&quot;}\">\n\t\t\t\t\t<div class=\"e-con-inner\">\n\t\t\t\t<div class=\"elementor-element elementor-element-549829d elementor-invisible elementor-widget elementor-widget-heading\" data-id=\"549829d\" data-element_type=\"widget\" data-e-type=\"widget\" data-settings=\"{&quot;_animation&quot;:&quot;zoomIn&quot;}\" data-widget_type=\"heading.default\">\n\t\t\t\t<div class=\"elementor-widget-container\">\n\t\t\t\t\t<h1 class=\"elementor-heading-title elementor-size-default\">GIVE THE GIFT OF A CAMBARA EXPERIENCE<\/h1>\t\t\t\t<\/div>\n\t\t\t\t<\/div>\n\t\t\t\t\t<\/div>\n\t\t\t\t<\/div>\n\t\t<div class=\"elementor-element elementor-element-951af50 e-flex e-con-boxed e-con e-parent\" data-id=\"951af50\" data-element_type=\"container\" data-e-type=\"container\" data-settings=\"{&quot;background_background&quot;:&quot;classic&quot;}\">\n\t\t\t\t\t<div class=\"e-con-inner\">\n\t\t\t\t<div class=\"elementor-element elementor-element-b5c1cf4 elementor-widget elementor-widget-heading\" data-id=\"b5c1cf4\" data-element_type=\"widget\" data-e-type=\"widget\" data-widget_type=\"heading.default\">\n\t\t\t\t<div class=\"elementor-widget-container\">\n\t\t\t\t\t<h6 class=\"elementor-heading-title elementor-size-default\">To share with whomever you wish, created to enjoy a Cambara experience, or to give as a gift to whomever you wish.<\/h6>\t\t\t\t<\/div>\n\t\t\t\t<\/div>\n\t\t<div class=\"elementor-element elementor-element-0b90585 e-con-full e-flex e-con e-child\" data-id=\"0b90585\" data-element_type=\"container\" data-e-type=\"container\">\n\t\t<div class=\"elementor-element elementor-element-5bb341c e-con-full e-flex e-con e-child\" data-id=\"5bb341c\" data-element_type=\"container\" data-e-type=\"container\">\n\t\t\t\t<div class=\"elementor-element elementor-element-d1102bc elementor-widget elementor-widget-image\" data-id=\"d1102bc\" data-element_type=\"widget\" data-e-type=\"widget\" data-settings=\"{&quot;motion_fx_motion_fx_mouse&quot;:&quot;yes&quot;,&quot;motion_fx_tilt_effect&quot;:&quot;yes&quot;,&quot;motion_fx_tilt_speed&quot;:{&quot;unit&quot;:&quot;px&quot;,&quot;size&quot;:2,&quot;sizes&quot;:[]}}\" data-widget_type=\"image.default\">\n\t\t\t\t<div class=\"elementor-widget-container\">\n\t\t\t\t\t\t\t\t\t\t\t\t\t\t\t<img fetchpriority=\"high\" decoding=\"async\" width=\"800\" height=\"503\" src=\"https:\/\/cambara.es\/wp-content\/uploads\/2025\/06\/BONO-REGALO-CAMBARA.jpg\" class=\"attachment-large size-large wp-image-678\" alt=\"\" srcset=\"https:\/\/cambara.es\/wp-content\/uploads\/2025\/06\/BONO-REGALO-CAMBARA.jpg 1011w, https:\/\/cambara.es\/wp-content\/uploads\/2025\/06\/BONO-REGALO-CAMBARA-300x189.jpg 300w, https:\/\/cambara.es\/wp-content\/uploads\/2025\/06\/BONO-REGALO-CAMBARA-768x483.jpg 768w\" sizes=\"(max-width: 800px) 100vw, 800px\" \/>\t\t\t\t\t\t\t\t\t\t\t\t\t\t\t<\/div>\n\t\t\t\t<\/div>\n\t\t\t\t<\/div>\n\t\t<div class=\"elementor-element elementor-element-9567afb e-con-full e-flex e-con e-child\" data-id=\"9567afb\" data-element_type=\"container\" data-e-type=\"container\">\n\t\t\t\t<div class=\"elementor-element elementor-element-aba53a5 elementor-widget elementor-widget-text-editor\" data-id=\"aba53a5\" data-element_type=\"widget\" data-e-type=\"widget\" data-widget_type=\"text-editor.default\">\n\t\t\t\t<div class=\"elementor-widget-container\">\n\t\t\t\t\t\t\t\t\t<p><span style=\"color: #53300f;\">We personalise it for you, we have Gift Vouchers for indicative amounts or they can be issued for the amount you wish.<\/span><\/p><p>Just stop by Cambara, where you can buy it physically, or contact us by email and we will send it to you digitally.<\/p>\t\t\t\t\t\t\t\t<\/div>\n\t\t\t\t<\/div>\n\t\t\t\t<\/div>\n\t\t\t\t<\/div>\n\t\t<div class=\"elementor-element elementor-element-ea3cdde e-con-full e-grid e-con e-child\" data-id=\"ea3cdde\" data-element_type=\"container\" data-e-type=\"container\">\n\t\t\t\t<div class=\"elementor-element elementor-element-6b9d9b3 elementor-widget elementor-widget-image\" data-id=\"6b9d9b3\" data-element_type=\"widget\" data-e-type=\"widget\" data-widget_type=\"image.default\">\n\t\t\t\t<div class=\"elementor-widget-container\">\n\t\t\t\t\t\t\t\t\t\t\t\t\t\t\t\t<a href=\"mailto:info@cambara.es?subject=Bono%20Regalo%2025%20\u20ac&#038;body=Deseo%20m\u00e1s%20informaci\u00f3n%20sobre%20el%20Bono%20Regalo%20Cambara%20de%2025%20\u20ac\">\n\t\t\t\t\t\t\t<img decoding=\"async\" width=\"1000\" height=\"710\" src=\"https:\/\/cambara.es\/wp-content\/uploads\/2025\/06\/2.jpg\" class=\"attachment-full size-full wp-image-679\" alt=\"\" srcset=\"https:\/\/cambara.es\/wp-content\/uploads\/2025\/06\/2.jpg 1000w, https:\/\/cambara.es\/wp-content\/uploads\/2025\/06\/2-300x213.jpg 300w, https:\/\/cambara.es\/wp-content\/uploads\/2025\/06\/2-768x545.jpg 768w\" sizes=\"(max-width: 1000px) 100vw, 1000px\" \/>\t\t\t\t\t\t\t\t<\/a>\n\t\t\t\t\t\t\t\t\t\t\t\t\t\t\t<\/div>\n\t\t\t\t<\/div>\n\t\t\t\t<div class=\"elementor-element elementor-element-cbe8949 elementor-widget elementor-widget-image\" data-id=\"cbe8949\" data-element_type=\"widget\" data-e-type=\"widget\" data-widget_type=\"image.default\">\n\t\t\t\t<div class=\"elementor-widget-container\">\n\t\t\t\t\t\t\t\t\t\t\t\t\t\t\t\t<a href=\"mailto:info@cambara.es?subject=Bono%20Regalo%2050%20\u20ac&#038;body=Deseo%20m\u00e1s%20informaci\u00f3n%20sobre%20el%20Bono%20Regalo%20Cambara%20de%2050%20\u20ac\">\n\t\t\t\t\t\t\t<img decoding=\"async\" width=\"1000\" height=\"710\" src=\"https:\/\/cambara.es\/wp-content\/uploads\/2025\/06\/4-1.jpg\" class=\"attachment-full size-full wp-image-680\" alt=\"\" srcset=\"https:\/\/cambara.es\/wp-content\/uploads\/2025\/06\/4-1.jpg 1000w, https:\/\/cambara.es\/wp-content\/uploads\/2025\/06\/4-1-300x213.jpg 300w, https:\/\/cambara.es\/wp-content\/uploads\/2025\/06\/4-1-768x545.jpg 768w\" sizes=\"(max-width: 1000px) 100vw, 1000px\" \/>\t\t\t\t\t\t\t\t<\/a>\n\t\t\t\t\t\t\t\t\t\t\t\t\t\t\t<\/div>\n\t\t\t\t<\/div>\n\t\t\t\t<div class=\"elementor-element elementor-element-d42880c elementor-widget elementor-widget-image\" data-id=\"d42880c\" data-element_type=\"widget\" data-e-type=\"widget\" data-widget_type=\"image.default\">\n\t\t\t\t<div class=\"elementor-widget-container\">\n\t\t\t\t\t\t\t\t\t\t\t\t\t\t\t\t<a href=\"mailto:info@cambara.es?subject=Bono%20Regalo%20100%20\u20ac&#038;body=Deseo%20m\u00e1s%20informaci\u00f3n%20sobre%20el%20Bono%20Regalo%20Cambara%20de%20100%20\u20ac\">\n\t\t\t\t\t\t\t<img loading=\"lazy\" decoding=\"async\" width=\"1000\" height=\"710\" src=\"https:\/\/cambara.es\/wp-content\/uploads\/2025\/06\/6.jpg\" class=\"attachment-full size-full wp-image-681\" alt=\"\" srcset=\"https:\/\/cambara.es\/wp-content\/uploads\/2025\/06\/6.jpg 1000w, https:\/\/cambara.es\/wp-content\/uploads\/2025\/06\/6-300x213.jpg 300w, https:\/\/cambara.es\/wp-content\/uploads\/2025\/06\/6-768x545.jpg 768w\" sizes=\"(max-width: 1000px) 100vw, 1000px\" \/>\t\t\t\t\t\t\t\t<\/a>\n\t\t\t\t\t\t\t\t\t\t\t\t\t\t\t<\/div>\n\t\t\t\t<\/div>\n\t\t\t\t<\/div>\n\t\t\t\t<div class=\"elementor-element elementor-element-d7ab0e5 elementor-align-center elementor-widget elementor-widget-button\" data-id=\"d7ab0e5\" data-element_type=\"widget\" data-e-type=\"widget\" data-widget_type=\"button.default\">\n\t\t\t\t<div class=\"elementor-widget-container\">\n\t\t\t\t\t\t\t\t\t<div class=\"elementor-button-wrapper\">\n\t\t\t\t\t<a class=\"elementor-button elementor-button-link elementor-size-sm\" href=\"mailto:info@cambara.es?subject=Bono%20Regalo%20Cambara&#038;body=Deseo%20m\u00e1s%20informaci\u00f3n%20sobre%20los%20Bonos%20Regalo%20Cambara%20personalizados\">\n\t\t\t\t\t\t<span class=\"elementor-button-content-wrapper\">\n\t\t\t\t\t\t<span class=\"elementor-button-icon\">\n\t\t\t\t<svg aria-hidden=\"true\" class=\"e-font-icon-svg e-far-envelope\" viewbox=\"0 0 512 512\" xmlns=\"http:\/\/www.w3.org\/2000\/svg\"><path d=\"M464 64H48C21.49 64 0 85.49 0 112v288c0 26.51 21.49 48 48 48h416c26.51 0 48-21.49 48-48V112c0-26.51-21.49-48-48-48zm0 48v40.805c-22.422 18.259-58.168 46.651-134.587 106.49-16.841 13.247-50.201 45.072-73.413 44.701-23.208.375-56.579-31.459-73.413-44.701C106.18 199.465 70.425 171.067 48 152.805V112h416zM48 400V214.398c22.914 18.251 55.409 43.862 104.938 82.646 21.857 17.205 60.134 55.186 103.062 54.955 42.717.231 80.509-37.199 103.053-54.947 49.528-38.783 82.032-64.401 104.947-82.653V400H48z\"><\/path><\/svg>\t\t\t<\/span>\n\t\t\t\t\t\t\t\t\t<span class=\"elementor-button-text\">I WANT A PERSONALISED GIFT VOUCHER<\/span>\n\t\t\t\t\t<\/span>\n\t\t\t\t\t<\/a>\n\t\t\t\t<\/div>\n\t\t\t\t\t\t\t\t<\/div>\n\t\t\t\t<\/div>\n\t\t\t\t<div class=\"elementor-element elementor-element-7052099 elementor-widget elementor-widget-image\" data-id=\"7052099\" data-element_type=\"widget\" data-e-type=\"widget\" data-widget_type=\"image.default\">\n\t\t\t\t<div class=\"elementor-widget-container\">\n\t\t\t\t\t\t\t\t\t\t\t\t\t\t\t<img loading=\"lazy\" decoding=\"async\" width=\"510\" height=\"512\" src=\"https:\/\/cambara.es\/wp-content\/uploads\/2025\/06\/Sin-titulo-510-\u00d7-512-px.png\" class=\"attachment-large size-large wp-image-477\" alt=\"\" srcset=\"https:\/\/cambara.es\/wp-content\/uploads\/2025\/06\/Sin-titulo-510-\u00d7-512-px.png 510w, https:\/\/cambara.es\/wp-content\/uploads\/2025\/06\/Sin-titulo-510-\u00d7-512-px-300x300.png 300w, https:\/\/cambara.es\/wp-content\/uploads\/2025\/06\/Sin-titulo-510-\u00d7-512-px-150x150.png 150w\" sizes=\"(max-width: 510px) 100vw, 510px\" \/>\t\t\t\t\t\t\t\t\t\t\t\t\t\t\t<\/div>\n\t\t\t\t<\/div>\n\t\t\t\t\t<\/div>\n\t\t\t\t<\/div>\n\t\t\t\t<\/div>","protected":false},"excerpt":{"rendered":"<p>REGALA UNA EXPERIENCIA CAMBARA Para compartir con quien t\u00fa desees, creado para disfrutar de una experiencia Cambara,\u00a0 o para regalar a quien quieras Lo personalizamos para ti, tenemos Vales Regalo por cantidades orientativas o pueden ser emitidos por la cantidad que t\u00fa desees Solo tienes que pasarte por Cambara, donde podr\u00e1s adquirirlo f\u00edsicamente, o bien [&hellip;]<\/p>\n","protected":false},"author":3,"featured_media":0,"parent":0,"menu_order":0,"comment_status":"closed","ping_status":"closed","template":"","meta":{"footnotes":""},"class_list":["post-663","page","type-page","status-publish","hentry"],"_links":{"self":[{"href":"https:\/\/cambara.es\/en\/wp-json\/wp\/v2\/pages\/663","targetHints":{"allow":["GET"]}}],"collection":[{"href":"https:\/\/cambara.es\/en\/wp-json\/wp\/v2\/pages"}],"about":[{"href":"https:\/\/cambara.es\/en\/wp-json\/wp\/v2\/types\/page"}],"author":[{"embeddable":true,"href":"https:\/\/cambara.es\/en\/wp-json\/wp\/v2\/users\/3"}],"replies":[{"embeddable":true,"href":"https:\/\/cambara.es\/en\/wp-json\/wp\/v2\/comments?post=663"}],"version-history":[{"count":37,"href":"https:\/\/cambara.es\/en\/wp-json\/wp\/v2\/pages\/663\/revisions"}],"predecessor-version":[{"id":15144,"href":"https:\/\/cambara.es\/en\/wp-json\/wp\/v2\/pages\/663\/revisions\/15144"}],"wp:attachment":[{"href":"https:\/\/cambara.es\/en\/wp-json\/wp\/v2\/media?parent=663"}],"curies":[{"name":"wp","href":"https:\/\/api.w.org\/{rel}","templated":true}]}}