{"id":399,"date":"2025-06-18T01:01:50","date_gmt":"2025-06-18T01:01:50","guid":{"rendered":"https:\/\/cambara.es\/?page_id=399"},"modified":"2025-06-18T01:02:53","modified_gmt":"2025-06-18T01:02:53","slug":"legal-notice","status":"publish","type":"page","link":"https:\/\/cambara.es\/en\/aviso-legal\/","title":{"rendered":"Legal Notice"},"content":{"rendered":"<div data-elementor-type=\"wp-page\" data-elementor-id=\"399\" class=\"elementor elementor-399\" data-elementor-post-type=\"page\">\n\t\t\t\t<div class=\"elementor-element elementor-element-688a71c e-flex e-con-boxed e-con e-parent\" data-id=\"688a71c\" data-element_type=\"container\" data-e-type=\"container\" data-settings=\"{&quot;background_background&quot;:&quot;classic&quot;}\">\n\t\t\t\t\t<div class=\"e-con-inner\">\n\t\t\t\t<div class=\"elementor-element elementor-element-e5d4711 elementor-widget elementor-widget-text-editor\" data-id=\"e5d4711\" data-element_type=\"widget\" data-e-type=\"widget\" data-widget_type=\"text-editor.default\">\n\t\t\t\t<div class=\"elementor-widget-container\">\n\t\t\t\t\t\t\t\t\t<p data-start=\"144\" data-end=\"229\"><strong data-start=\"144\" data-end=\"229\">This legal notice \/ imprint was last updated on 18 June 2025.<\/strong><\/p><p data-start=\"231\" data-end=\"261\">The owner of this website is:<\/p><p data-start=\"263\" data-end=\"530\"><strong data-start=\"263\" data-end=\"292\">NUSA PUERTO DE M\u00c1LAGA, SL<\/strong><br data-start=\"292\" data-end=\"295\" \/>P.\u00ba de la Farola, 6 - CC Muelle Uno Kiosko K-7<br data-start=\"341\" data-end=\"344\" \/>29016, Malaga, Spain<br data-start=\"365\" data-end=\"368\" \/>E-mail: <a class=\"cursor-pointer\" rel=\"noopener\" data-start=\"388\" data-end=\"439\">nusamalaga@gmail.com<\/a><br data-start=\"439\" data-end=\"442\" \/>Telephone: +34 647 89 89 98<br data-start=\"468\" data-end=\"471\" data-is-only-node=\"\" \/>Website: <a class=\"\" href=\"https:\/\/cambara.es\/en\/\" target=\"_new\" rel=\"noopener\" data-start=\"482\" data-end=\"530\">https:\/\/cambara.es<\/a><\/p><p data-start=\"532\" data-end=\"682\"><strong data-start=\"532\" data-end=\"546\">1. General<\/strong><br data-start=\"546\" data-end=\"549\" \/>We are neither willing nor obliged to participate in dispute resolution proceedings before a consumer arbitration board.<\/p>\t\t\t\t\t\t\t\t<\/div>\n\t\t\t\t<\/div>\n\t\t\t\t\t<\/div>\n\t\t\t\t<\/div>\n\t\t\t\t<\/div>","protected":false},"excerpt":{"rendered":"<p>Este aviso legal \/ imprint fue actualizado por \u00faltima vez el 18 de junio de 2025. El propietario de esta web es: NUSA PUERTO DE M\u00c1LAGA, SLP.\u00ba de la Farola, 6 &#8211; CC Muelle Uno Kiosko K-729016, M\u00e1laga, Espa\u00f1aCorreo electr\u00f3nico: nusamalaga@gmail.comTel\u00e9fono: +34 647 89 89 98Sitio web: https:\/\/cambara.es 1. GeneralNo estamos dispuestos ni obligados a [&hellip;]<\/p>\n","protected":false},"author":3,"featured_media":0,"parent":0,"menu_order":0,"comment_status":"closed","ping_status":"closed","template":"","meta":{"footnotes":""},"class_list":["post-399","page","type-page","status-publish","hentry"],"_links":{"self":[{"href":"https:\/\/cambara.es\/en\/wp-json\/wp\/v2\/pages\/399","targetHints":{"allow":["GET"]}}],"collection":[{"href":"https:\/\/cambara.es\/en\/wp-json\/wp\/v2\/pages"}],"about":[{"href":"https:\/\/cambara.es\/en\/wp-json\/wp\/v2\/types\/page"}],"author":[{"embeddable":true,"href":"https:\/\/cambara.es\/en\/wp-json\/wp\/v2\/users\/3"}],"replies":[{"embeddable":true,"href":"https:\/\/cambara.es\/en\/wp-json\/wp\/v2\/comments?post=399"}],"version-history":[{"count":4,"href":"https:\/\/cambara.es\/en\/wp-json\/wp\/v2\/pages\/399\/revisions"}],"predecessor-version":[{"id":403,"href":"https:\/\/cambara.es\/en\/wp-json\/wp\/v2\/pages\/399\/revisions\/403"}],"wp:attachment":[{"href":"https:\/\/cambara.es\/en\/wp-json\/wp\/v2\/media?parent=399"}],"curies":[{"name":"wp","href":"https:\/\/api.w.org\/{rel}","templated":true}]}}