{"id":394,"date":"2025-06-18T00:56:48","date_gmt":"2025-06-18T00:56:48","guid":{"rendered":"https:\/\/cambara.es\/?page_id=394"},"modified":"2025-06-18T01:01:25","modified_gmt":"2025-06-18T01:01:25","slug":"privacy-policy","status":"publish","type":"page","link":"https:\/\/cambara.es\/en\/politica-de-privacidad\/","title":{"rendered":"Privacy Policy"},"content":{"rendered":"\t\t<div data-elementor-type=\"wp-page\" data-elementor-id=\"394\" class=\"elementor elementor-394\" data-elementor-post-type=\"page\">\n\t\t\t\t<div class=\"elementor-element elementor-element-22c4991 e-flex e-con-boxed e-con e-parent\" data-id=\"22c4991\" data-element_type=\"container\" data-e-type=\"container\" data-settings=\"{&quot;background_background&quot;:&quot;classic&quot;}\">\n\t\t\t\t\t<div class=\"e-con-inner\">\n\t\t\t\t<div class=\"elementor-element elementor-element-827e1d2 elementor-widget elementor-widget-text-editor\" data-id=\"827e1d2\" data-element_type=\"widget\" data-e-type=\"widget\" data-widget_type=\"text-editor.default\">\n\t\t\t\t<div class=\"elementor-widget-container\">\n\t\t\t\t\t\t\t\t\t<p data-start=\"154\" data-end=\"340\"><strong data-start=\"154\" data-end=\"340\">Esta declaraci\u00f3n de privacidad se actualiz\u00f3 por \u00faltima vez el 18 de junio de 2025 y se aplica a los ciudadanos y residentes legales permanentes del Espacio Econ\u00f3mico Europeo y Suiza.<\/strong><\/p><p data-start=\"342\" data-end=\"504\">En esta declaraci\u00f3n de privacidad, explicamos lo que hacemos con los datos que obtenemos sobre usted a trav\u00e9s de <a class=\"\" href=\"https:\/\/cambara.es\" target=\"_new\" rel=\"noopener\" data-start=\"455\" data-end=\"503\">https:\/\/cambara.es<\/a>.<\/p><p data-start=\"506\" data-end=\"686\">Le recomendamos que lea atentamente esta declaraci\u00f3n. En nuestro procesamiento cumplimos con los requisitos de la legislaci\u00f3n de privacidad. Esto significa, entre otras cosas, que:<\/p><ul data-start=\"688\" data-end=\"1329\"><li data-start=\"688\" data-end=\"821\"><p data-start=\"690\" data-end=\"821\">Indicamos claramente los fines para los que procesamos los datos personales. Lo hacemos a trav\u00e9s de esta declaraci\u00f3n de privacidad.<\/p><\/li><li data-start=\"822\" data-end=\"938\"><p data-start=\"824\" data-end=\"938\">Nos proponemos limitar nuestra recopilaci\u00f3n de datos personales a lo estrictamente necesario para fines leg\u00edtimos.<\/p><\/li><li data-start=\"939\" data-end=\"1076\"><p data-start=\"941\" data-end=\"1076\">En primer lugar, solicitamos su consentimiento expl\u00edcito para el tratamiento de sus datos personales en los casos en que sea necesario.<\/p><\/li><li data-start=\"1077\" data-end=\"1233\"><p data-start=\"1079\" data-end=\"1233\">Tomamos las medidas de seguridad adecuadas para proteger sus datos personales y tambi\u00e9n exigimos lo mismo a las partes que los procesan en nuestro nombre.<\/p><\/li><li data-start=\"1234\" data-end=\"1329\"><p data-start=\"1236\" data-end=\"1329\">Respetamos su derecho a acceder, rectificar o cancelar sus datos personales previa solicitud.<\/p><\/li><\/ul><p data-start=\"1331\" data-end=\"1446\">Si tiene alguna pregunta o quiere saber exactamente qu\u00e9 datos guardamos de usted, p\u00f3ngase en contacto con nosotros.<\/p><h3 data-start=\"1453\" data-end=\"1499\">\u00a0<\/h3><h3 data-start=\"1453\" data-end=\"1499\">1. Prop\u00f3sito, datos y periodo de retenci\u00f3n<\/h3><p data-start=\"1501\" data-end=\"1640\">Podemos recopilar o recibir informaci\u00f3n personal con diversos fines relacionados con nuestras operaciones comerciales, como los siguientes:<\/p><p data-start=\"1642\" data-end=\"1723\"><strong data-start=\"1642\" data-end=\"1723\">1.1 Contacto \u2013 Por tel\u00e9fono, correo electr\u00f3nico y\/o formularios del sitio web<\/strong><\/p><p data-start=\"1725\" data-end=\"1744\"><strong data-start=\"1725\" data-end=\"1744\">Datos tratados:<\/strong><\/p><ul data-start=\"1745\" data-end=\"1803\"><li data-start=\"1745\" data-end=\"1767\"><p data-start=\"1747\" data-end=\"1767\">Nombre y apellidos<\/p><\/li><li data-start=\"1768\" data-end=\"1803\"><p data-start=\"1770\" data-end=\"1803\">Direcci\u00f3n de correo electr\u00f3nico<\/p><\/li><\/ul><p data-start=\"1805\" data-end=\"1858\"><strong data-start=\"1805\" data-end=\"1820\">Base legal:<\/strong> Consentimiento expl\u00edcito del usuario.<\/p><p data-start=\"1860\" data-end=\"1982\"><strong data-start=\"1860\" data-end=\"1888\">Periodo de conservaci\u00f3n:<\/strong> Conservaremos estos datos hasta que el servicio sea cancelado o se revoque el consentimiento.<\/p><h3 data-start=\"1989\" data-end=\"2003\">\u00a0<\/h3><h3 data-start=\"1989\" data-end=\"2003\">2. Cookies<\/h3><p data-start=\"2005\" data-end=\"2101\">Nuestro sitio web utiliza cookies. Para m\u00e1s informaci\u00f3n, consulte nuestra [Pol\u00edtica de cookies].<\/p><h3 data-start=\"2108\" data-end=\"2139\">\u00a0<\/h3><h3 data-start=\"2108\" data-end=\"2139\">3. Pr\u00e1cticas de divulgaci\u00f3n<\/h3><p data-start=\"2141\" data-end=\"2400\">Divulgamos informaci\u00f3n personal si estamos legalmente obligados a ello, por ejemplo, por orden judicial o a petici\u00f3n de las autoridades competentes, en la medida en que lo permitan otras disposiciones legales, o cuando sea necesario para la seguridad p\u00fablica.<\/p><p data-start=\"2402\" data-end=\"2561\">Si nuestra empresa es adquirida, vendida o participa en una fusi\u00f3n, sus datos podr\u00e1n ser compartidos con asesores y nuevos propietarios como parte del proceso.<\/p><p data-start=\"2563\" data-end=\"2668\">Tenemos un Acuerdo de procesamiento de datos con Google, que no utilizar\u00e1 los datos para otros servicios.<\/p><h3 data-start=\"2675\" data-end=\"2691\">\u00a0<\/h3><h3 data-start=\"2675\" data-end=\"2691\">4. Seguridad<\/h3><p data-start=\"2693\" data-end=\"2888\">Estamos comprometidos con la protecci\u00f3n de sus datos personales. Aplicamos medidas t\u00e9cnicas y organizativas adecuadas para evitar el uso indebido o el acceso no autorizado a los datos personales.<\/p><h3 data-start=\"2895\" data-end=\"2918\">\u00a0<\/h3><h3 data-start=\"2895\" data-end=\"2918\">5. Webs de terceros<\/h3><p data-start=\"2920\" data-end=\"3146\">Esta declaraci\u00f3n no se aplica a las webs de terceros enlazadas desde nuestra web. No podemos garantizar que traten sus datos de forma segura o responsable. Le recomendamos leer las declaraciones de privacidad de dichos sitios.<\/p><h3 data-start=\"3153\" data-end=\"3194\">\u00a0<\/h3><h3 data-start=\"3153\" data-end=\"3194\">6. Modificaciones de esta declaraci\u00f3n<\/h3><p data-start=\"3196\" data-end=\"3389\">Nos reservamos el derecho de modificar esta declaraci\u00f3n. Le aconsejamos que la revise regularmente para estar al tanto de cualquier cambio. Cuando sea posible, se lo notificaremos directamente.<\/p><h3 data-start=\"3396\" data-end=\"3427\">\u00a0<\/h3><h3 data-start=\"3396\" data-end=\"3427\">7. Derechos sobre sus datos<\/h3><p data-start=\"3429\" data-end=\"3451\">Usted tiene derecho a:<\/p><ul data-start=\"3453\" data-end=\"3858\"><li data-start=\"3453\" data-end=\"3543\"><p data-start=\"3455\" data-end=\"3543\">Saber por qu\u00e9 se recopilan sus datos, c\u00f3mo se usan y durante cu\u00e1nto tiempo se conservan.<\/p><\/li><li data-start=\"3544\" data-end=\"3577\"><p data-start=\"3546\" data-end=\"3577\">Acceder a sus datos personales.<\/p><\/li><li data-start=\"3578\" data-end=\"3663\"><p data-start=\"3580\" data-end=\"3663\">Solicitar la rectificaci\u00f3n, eliminaci\u00f3n o restricci\u00f3n del tratamiento de sus datos.<\/p><\/li><li data-start=\"3664\" data-end=\"3713\"><p data-start=\"3666\" data-end=\"3713\">Retirar su consentimiento en cualquier momento.<\/p><\/li><li data-start=\"3714\" data-end=\"3790\"><p data-start=\"3716\" data-end=\"3790\">Solicitar la portabilidad de sus datos a otro responsable del tratamiento.<\/p><\/li><li data-start=\"3791\" data-end=\"3858\"><p data-start=\"3793\" data-end=\"3858\">Oponerse al tratamiento de sus datos si existen motivos fundados.<\/p><\/li><\/ul><p data-start=\"3860\" data-end=\"3959\">Para ejercer estos derechos, debe identificarse adecuadamente para evitar manipulaciones indebidas.<\/p><h3 data-start=\"3966\" data-end=\"3986\">\u00a0<\/h3><h3 data-start=\"3966\" data-end=\"3986\">8. Reclamaciones<\/h3><p data-start=\"3988\" data-end=\"4159\">Si no est\u00e1 satisfecho con c\u00f3mo gestionamos sus datos personales, puede presentar una reclamaci\u00f3n ante la autoridad de control competente en materia de protecci\u00f3n de datos.<\/p><h3 data-start=\"4166\" data-end=\"4190\">\u00a0<\/h3><h3 data-start=\"4166\" data-end=\"4190\">9. Datos de contacto<\/h3><p data-start=\"4192\" data-end=\"4453\"><strong data-start=\"4192\" data-end=\"4221\">NUSA PUERTO DE M\u00c1LAGA, SL<\/strong><br data-start=\"4221\" data-end=\"4224\" \/>P.\u00ba de la Farola, 6 &#8211; CC Muelle Uno Kiosko K-7<br data-start=\"4270\" data-end=\"4273\" \/>29016, M\u00e1laga, Espa\u00f1a<br data-start=\"4294\" data-end=\"4297\" \/>Correo electr\u00f3nico: <a class=\"cursor-pointer\" rel=\"noopener\" data-start=\"4317\" data-end=\"4368\">nusamalaga@gmail.com<\/a><br data-start=\"4368\" data-end=\"4371\" \/>Tel\u00e9fono: +34 647 89 89 98<br data-start=\"4397\" data-end=\"4400\" \/>Web: <a class=\"\" href=\"https:\/\/cambara.es\" target=\"_new\" rel=\"noopener\" data-start=\"4405\" data-end=\"4453\">https:\/\/cambara.es<\/a><\/p>\t\t\t\t\t\t\t\t<\/div>\n\t\t\t\t<\/div>\n\t\t\t\t\t<\/div>\n\t\t\t\t<\/div>\n\t\t\t\t<\/div>\n\t\t","protected":false},"excerpt":{"rendered":"<p>Esta declaraci\u00f3n de privacidad se actualiz\u00f3 por \u00faltima vez el 18 de junio de 2025 y se aplica a los ciudadanos y residentes legales permanentes del Espacio Econ\u00f3mico Europeo y Suiza. En esta declaraci\u00f3n de privacidad, explicamos lo que hacemos con los datos que obtenemos sobre usted a trav\u00e9s de https:\/\/cambara.es. Le recomendamos que lea [&hellip;]<\/p>\n","protected":false},"author":3,"featured_media":0,"parent":0,"menu_order":0,"comment_status":"closed","ping_status":"closed","template":"","meta":{"footnotes":""},"class_list":["post-394","page","type-page","status-publish","hentry"],"_links":{"self":[{"href":"https:\/\/cambara.es\/en\/wp-json\/wp\/v2\/pages\/394","targetHints":{"allow":["GET"]}}],"collection":[{"href":"https:\/\/cambara.es\/en\/wp-json\/wp\/v2\/pages"}],"about":[{"href":"https:\/\/cambara.es\/en\/wp-json\/wp\/v2\/types\/page"}],"author":[{"embeddable":true,"href":"https:\/\/cambara.es\/en\/wp-json\/wp\/v2\/users\/3"}],"replies":[{"embeddable":true,"href":"https:\/\/cambara.es\/en\/wp-json\/wp\/v2\/comments?post=394"}],"version-history":[{"count":4,"href":"https:\/\/cambara.es\/en\/wp-json\/wp\/v2\/pages\/394\/revisions"}],"predecessor-version":[{"id":398,"href":"https:\/\/cambara.es\/en\/wp-json\/wp\/v2\/pages\/394\/revisions\/398"}],"wp:attachment":[{"href":"https:\/\/cambara.es\/en\/wp-json\/wp\/v2\/media?parent=394"}],"curies":[{"name":"wp","href":"https:\/\/api.w.org\/{rel}","templated":true}]}}